{"id":511,"date":"2023-03-15T16:40:50","date_gmt":"2023-03-15T19:40:50","guid":{"rendered":"https:\/\/crtarteecomunicacao.com.br\/relatorioanual\/?page_id=511"},"modified":"2024-04-12T11:54:35","modified_gmt":"2024-04-12T14:54:35","slug":"mensagem-do-conselho-deliberativo","status":"publish","type":"page","link":"https:\/\/relatorioanual2023.visaoprev.com.br\/?page_id=511","title":{"rendered":"Mensagem do Conselho Deliberativo"},"content":{"rendered":"\t\t<div data-elementor-type=\"wp-page\" data-elementor-id=\"511\" class=\"elementor elementor-511\">\n\t\t\t\t\t\t<section class=\"elementor-section elementor-top-section elementor-element elementor-element-60b7021c elementor-section-boxed elementor-section-height-default elementor-section-height-default\" data-id=\"60b7021c\" data-element_type=\"section\">\n\t\t\t\t\t\t<div class=\"elementor-container elementor-column-gap-default\">\n\t\t\t\t\t<div class=\"elementor-column elementor-col-100 elementor-top-column elementor-element elementor-element-18a03c78\" data-id=\"18a03c78\" data-element_type=\"column\">\n\t\t\t<div class=\"elementor-widget-wrap elementor-element-populated\">\n\t\t\t\t\t\t<div class=\"elementor-element elementor-element-4fc73cc6 elementor-widget elementor-widget-text-editor\" data-id=\"4fc73cc6\" data-element_type=\"widget\" data-widget_type=\"text-editor.default\">\n\t\t\t\t<div class=\"elementor-widget-container\">\n\t\t\t\t\t\t\t\t\t<div title=\"Page 2\"><p>Em um ano de transi\u00e7\u00e3o institucional e econ\u00f4mica no Brasil, a Vis\u00e3o Prev apresentou resultados muito positivos em 2023, em raz\u00e3o de uma administra\u00e7\u00e3o eficiente voltada \u00e0 sustentabilidade na gest\u00e3o de seus planos e perfis de investimentos. Em julho, a entidade atingiu a marca hist\u00f3rica de R$ 8 bilh\u00f5es de patrim\u00f4nio, superando os R$ 8,3 bilh\u00f5es em recursos sob sua administra\u00e7\u00e3o j\u00e1 no fechamento de dezembro. Parte significativa desse resultado prov\u00e9m do desempenho dos investimentos, o que evidencia a qualidade da administra\u00e7\u00e3o da Vis\u00e3o Prev e dos investimentos dos participantes.<\/p><p>O desempenho geral dos perfis superou o CDI (13,05% acumulado) e as metas dos planos PreVis\u00e3o e Telef\u00f4nica BD obtiveram ganhos reais bem acima da infla\u00e7\u00e3o (que foi de 4,62%, registrado pelo IPCA), como demonstra o quadro abaixo:<\/p><\/div>\t\t\t\t\t\t\t\t<\/div>\n\t\t\t\t<\/div>\n\t\t\t\t<div class=\"elementor-element elementor-element-39b3e8c eael-table-align-center eael-dt-th-align-left elementor-widget elementor-widget-eael-data-table\" data-id=\"39b3e8c\" data-element_type=\"widget\" data-widget_type=\"eael-data-table.default\">\n\t\t\t\t<div class=\"elementor-widget-container\">\n\t\t\t\t\t\t\t<div class=\"eael-data-table-wrap\" data-table_id=\"39b3e8c\" id=\"eael-data-table-wrapper-39b3e8c\" data-custom_responsive=\"false\">\n\t\t\t<table class=\"tablesorter eael-data-table center\" id=\"eael-data-table-39b3e8c\">\n\t\t\t    <thead>\n\t\t\t        <tr class=\"table-header\">\n\t\t\t\t\t\t\t\t\t            <th class=\"\" id=\"\" colspan=\"1\">\n\t\t\t\t\t\t\t\t\t\t\t\t\t\t<span class=\"data-table-header-text\"><b>Perfil \/ Plano<\/b><\/span><\/th>\n\t\t\t        \t\t\t\t            <th class=\"\" id=\"\" colspan=\"1\">\n\t\t\t\t\t\t\t\t\t\t\t\t\t\t<span class=\"data-table-header-text\">Rentabilidade acumulada em 12 meses<\/span><\/th>\n\t\t\t        \t\t\t\t        <\/tr>\n\t\t\t    <\/thead>\n\t\t\t  \t<tbody>\n\t\t\t\t\t\t\t\t\t\t\t<tr>\n\t\t\t\t\t\t\t\t\t\t\t\t\t\t\t\t   \t\t\t\t\t\t\t\t\t\t\t<td colspan=\"\" rowspan=\"\" class=\"\" id=\"\">\n\t\t\t\t\t\t\t\t\t\t\t\t<div class=\"td-content-wrapper\"><div class=\"td-content\"><b>Super Conservador<\/b><\/div><\/div>\n\t\t\t\t\t\t\t\t\t\t\t<\/td>\n\t\t\t\t\t\t\t\t\t\t\t\t\t\t\t\t\t\t\t\t\t\t\t\t\t\t\t\t\t   \t\t\t\t\t\t\t\t\t\t\t<td colspan=\"\" rowspan=\"\" class=\"\" id=\"\">\n\t\t\t\t\t\t\t\t\t\t\t\t<div class=\"td-content-wrapper\"><div class=\"td-content\">13,51%<\/div><\/div>\n\t\t\t\t\t\t\t\t\t\t\t<\/td>\n\t\t\t\t\t\t\t\t\t\t\t\t\t\t\t\t\t\t\t\t\t\t\t\t\t\t<\/tr>\n\t\t\t        \t\t\t\t\t\t<tr>\n\t\t\t\t\t\t\t\t\t\t\t\t\t\t\t\t   \t\t\t\t\t\t\t\t\t\t\t<td colspan=\"\" rowspan=\"\" class=\"\" id=\"\">\n\t\t\t\t\t\t\t\t\t\t\t\t<div class=\"td-content-wrapper\"><div class=\"td-content\"><b>Conservador<\/b><\/div><\/div>\n\t\t\t\t\t\t\t\t\t\t\t<\/td>\n\t\t\t\t\t\t\t\t\t\t\t\t\t\t\t\t\t\t\t\t\t\t\t\t\t\t\t\t\t   \t\t\t\t\t\t\t\t\t\t\t<td colspan=\"\" rowspan=\"\" class=\"\" id=\"\">\n\t\t\t\t\t\t\t\t\t\t\t\t<div class=\"td-content-wrapper\"><div class=\"td-content\">12,54%<\/div><\/div>\n\t\t\t\t\t\t\t\t\t\t\t<\/td>\n\t\t\t\t\t\t\t\t\t\t\t\t\t\t\t\t\t\t\t\t\t\t\t\t\t\t<\/tr>\n\t\t\t        \t\t\t\t\t\t<tr>\n\t\t\t\t\t\t\t\t\t\t\t\t\t\t\t\t   \t\t\t\t\t\t\t\t\t\t\t<td colspan=\"\" rowspan=\"\" class=\"\" id=\"\">\n\t\t\t\t\t\t\t\t\t\t\t\t<div class=\"td-content-wrapper\"><div class=\"td-content\"><b>Moderado<\/b><\/div><\/div>\n\t\t\t\t\t\t\t\t\t\t\t<\/td>\n\t\t\t\t\t\t\t\t\t\t\t\t\t\t\t\t\t\t\t\t\t\t\t\t\t\t\t\t\t   \t\t\t\t\t\t\t\t\t\t\t<td colspan=\"\" rowspan=\"\" class=\"\" id=\"\">\n\t\t\t\t\t\t\t\t\t\t\t\t<div class=\"td-content-wrapper\"><div class=\"td-content\">16,40%<\/div><\/div>\n\t\t\t\t\t\t\t\t\t\t\t<\/td>\n\t\t\t\t\t\t\t\t\t\t\t\t\t\t\t\t\t\t\t\t\t\t\t\t\t\t<\/tr>\n\t\t\t        \t\t\t\t\t\t<tr>\n\t\t\t\t\t\t\t\t\t\t\t\t\t\t\t\t   \t\t\t\t\t\t\t\t\t\t\t<td colspan=\"\" rowspan=\"\" class=\"\" id=\"\">\n\t\t\t\t\t\t\t\t\t\t\t\t<div class=\"td-content-wrapper\"><div class=\"td-content\"><b>Agressivo<\/b><\/div><\/div>\n\t\t\t\t\t\t\t\t\t\t\t<\/td>\n\t\t\t\t\t\t\t\t\t\t\t\t\t\t\t\t\t\t\t\t\t\t\t\t\t\t\t\t\t   \t\t\t\t\t\t\t\t\t\t\t<td colspan=\"\" rowspan=\"\" class=\"\" id=\"\">\n\t\t\t\t\t\t\t\t\t\t\t\t<div class=\"td-content-wrapper\"><div class=\"td-content\">19,52%<\/div><\/div>\n\t\t\t\t\t\t\t\t\t\t\t<\/td>\n\t\t\t\t\t\t\t\t\t\t\t\t\t\t\t\t\t\t\t\t\t\t\t\t\t\t<\/tr>\n\t\t\t        \t\t\t\t\t\t<tr>\n\t\t\t\t\t\t\t\t\t\t\t\t\t\t\t\t   \t\t\t\t\t\t\t\t\t\t\t<td colspan=\"\" rowspan=\"\" class=\"\" id=\"\">\n\t\t\t\t\t\t\t\t\t\t\t\t<div class=\"td-content-wrapper\"><div class=\"td-content\"><b>Agressivo RF LP<\/b><\/div><\/div>\n\t\t\t\t\t\t\t\t\t\t\t<\/td>\n\t\t\t\t\t\t\t\t\t\t\t\t\t\t\t\t\t\t\t\t\t\t\t\t\t\t\t\t\t   \t\t\t\t\t\t\t\t\t\t\t<td colspan=\"\" rowspan=\"\" class=\"\" id=\"\">\n\t\t\t\t\t\t\t\t\t\t\t\t<div class=\"td-content-wrapper\"><div class=\"td-content\">\t17,17%<\/div><\/div>\n\t\t\t\t\t\t\t\t\t\t\t<\/td>\n\t\t\t\t\t\t\t\t\t\t\t\t\t\t\t\t\t\t\t\t\t\t\t\t\t\t<\/tr>\n\t\t\t        \t\t\t\t\t\t<tr>\n\t\t\t\t\t\t\t\t\t\t\t\t\t\t\t\t   \t\t\t\t\t\t\t\t\t\t\t<td colspan=\"\" rowspan=\"\" class=\"\" id=\"\">\n\t\t\t\t\t\t\t\t\t\t\t\t<div class=\"td-content-wrapper\"><div class=\"td-content\"><b>Plano PreVis\u00e3o<\/b><\/div><\/div>\n\t\t\t\t\t\t\t\t\t\t\t<\/td>\n\t\t\t\t\t\t\t\t\t\t\t\t\t\t\t\t\t\t\t\t\t\t\t\t\t\t\t\t\t   \t\t\t\t\t\t\t\t\t\t\t<td colspan=\"\" rowspan=\"\" class=\"\" id=\"\">\n\t\t\t\t\t\t\t\t\t\t\t\t<div class=\"td-content-wrapper\"><div class=\"td-content\">12,38%<\/div><\/div>\n\t\t\t\t\t\t\t\t\t\t\t<\/td>\n\t\t\t\t\t\t\t\t\t\t\t\t\t\t\t\t\t\t\t\t\t\t\t\t\t\t<\/tr>\n\t\t\t        \t\t\t\t\t\t<tr>\n\t\t\t\t\t\t\t\t\t\t\t\t\t\t\t\t   \t\t\t\t\t\t\t\t\t\t\t<td colspan=\"\" rowspan=\"\" class=\"\" id=\"\">\n\t\t\t\t\t\t\t\t\t\t\t\t<div class=\"td-content-wrapper\"><div class=\"td-content\"><b>Plano Telef\u00f4nica BD<\/b><\/div><\/div>\n\t\t\t\t\t\t\t\t\t\t\t<\/td>\n\t\t\t\t\t\t\t\t\t\t\t\t\t\t\t\t\t\t\t\t\t\t\t\t\t\t\t\t\t   \t\t\t\t\t\t\t\t\t\t\t<td colspan=\"\" rowspan=\"\" class=\"\" id=\"\">\n\t\t\t\t\t\t\t\t\t\t\t\t<div class=\"td-content-wrapper\"><div class=\"td-content\">11,89%<\/div><\/div>\n\t\t\t\t\t\t\t\t\t\t\t<\/td>\n\t\t\t\t\t\t\t\t\t\t\t\t\t\t\t\t\t\t\t\t\t\t\t\t\t\t<\/tr>\n\t\t\t        \t\t\t    <\/tbody>\n\t\t\t<\/table>\n\t\t<\/div>\n\t  \t\t\t\t\t<\/div>\n\t\t\t\t<\/div>\n\t\t\t\t<div class=\"elementor-element elementor-element-28cb7b2 elementor-widget elementor-widget-text-editor\" data-id=\"28cb7b2\" data-element_type=\"widget\" data-widget_type=\"text-editor.default\">\n\t\t\t\t<div class=\"elementor-widget-container\">\n\t\t\t\t\t\t\t\t\t<div title=\"Page 2\"><p>\u00c9 uma grande satisfa\u00e7\u00e3o para os participantes \u2013 incluindo todo esse Conselho Deliberativo \u2013 observar tamanha tenacidade e capacidade t\u00e9cnica na gest\u00e3o de seu patrim\u00f4nio. Para as patrocinadoras, com certeza, tamb\u00e9m \u00e9 motivo de tranquilidade acompanhar esse profissionalismo na administra\u00e7\u00e3o dos recursos que investe em um benef\u00edcio t\u00e3o valioso: a previd\u00eancia complementar de seus colaboradores.<\/p><p>Com refer\u00eancia aos patrocinadores, vale um destaque especial em 2023: em outubro, a Telef\u00f4nica Brasil (Vivo) celebrou 25 anos de listagem na B3. A Vivo alcan\u00e7ou esse marco em meio a uma s\u00e9rie de iniciativas que a transformaram na l\u00edder do setor no pa\u00eds, com mais de 112 milh\u00f5es de acessos. Desde 1998 (ano da privatiza\u00e7\u00e3o das telecomunica\u00e7\u00f5es), a Telef\u00f4nica j\u00e1 investiu cerca de R$ 530 bilh\u00f5es no Brasil, em um compromisso claro e incontest\u00e1vel de longo prazo com o desenvolvimento do pa\u00eds. Mais do que uma protagonista no setor de telecomunica\u00e7\u00f5es, provendo infraestrutura fixa e m\u00f3vel de alta qualidade, a Vivo vem se posicionando desde 2019 como uma agente do ecossistema digital, com atua\u00e7\u00e3o tamb\u00e9m nos segmentos da educa\u00e7\u00e3o, sa\u00fade, finan\u00e7as e entretenimento, o que viabiliza conex\u00f5es entre pessoas e neg\u00f3cios. O prop\u00f3sito da empresa \u00e9 \u201cDigitalizar para Aproximar\u201d.<\/p><p>As celebra\u00e7\u00f5es continuam em 2024 com os 100 anos do Grupo Telef\u00f3nica, em uma trajet\u00f3ria transformadora, ligada \u00e0 evolu\u00e7\u00e3o das telecomunica\u00e7\u00f5es no mundo. Como destaca Jos\u00e9 Mar\u00eda \u00c1lvarez-Pallete L\u00f3pez, chairman e CEO global da companhia, \u201ca Telef\u00f3nica chegou a este ponto porque soube transformar-se, sempre \u00e0 frente do seu tempo e com uma miss\u00e3o clara: prestar servi\u00e7o e ser \u00fatil \u00e0 sociedade.\u201d<\/p><p>E n\u00f3s tamb\u00e9m fazemos parte dessa hist\u00f3ria, pois em 2024 a Vis\u00e3o Prev ir\u00e1 completar 20 anos de exist\u00eancia. Nesse per\u00edodo, crescemos 336% no pagamento de benef\u00edcios, saindo do montante anual de R$ 82.788.526,75 (inicial) para R$ 361.252.545,44 em 2023. O n\u00famero de participantes mais que dobrou, indo de 10.607 para 21.706, em 2023. O patrim\u00f4nio l\u00edquido foi de R$ 2.442.337.431,95 para R$ 8.345.284.788,96 em 2023, crescendo quase 3,5 vezes. Os perfis Conservador, Moderado e Agressivo, que existem desde a cria\u00e7\u00e3o da Vis\u00e3o Prev, renderam at\u00e9 31 de dezembro do ano passado, respectivamente, 553,35%, 590,18% e 603,47%.<\/p><p>Seguimos, portanto, para o futuro apoiados por um passado de resultados diferenciados ao longo de duas d\u00e9cadas. Uma hist\u00f3ria que nos prepara para anos ainda mais promissores em uma entidade sempre pronta a se modernizar e se antecipar aos desafios de cada tempo, com determina\u00e7\u00e3o e profissionalismo. Aproveito para agradecer o apoio dos participantes, patrocinadores e colaboradores da Vis\u00e3o Prev em toda essa jornada.\u00a0<\/p><\/div>\t\t\t\t\t\t\t\t<\/div>\n\t\t\t\t<\/div>\n\t\t\t\t\t<\/div>\n\t\t<\/div>\n\t\t\t\t\t<\/div>\n\t\t<\/section>\n\t\t\t\t<section class=\"elementor-section elementor-top-section elementor-element elementor-element-700c47a elementor-section-boxed elementor-section-height-default elementor-section-height-default\" data-id=\"700c47a\" data-element_type=\"section\">\n\t\t\t\t\t\t<div class=\"elementor-container elementor-column-gap-default\">\n\t\t\t\t\t<div class=\"elementor-column elementor-col-100 elementor-top-column elementor-element elementor-element-f636371\" data-id=\"f636371\" data-element_type=\"column\">\n\t\t\t<div class=\"elementor-widget-wrap elementor-element-populated\">\n\t\t\t\t\t\t<div class=\"elementor-element elementor-element-268d7e7 elementor-widget elementor-widget-spacer\" data-id=\"268d7e7\" data-element_type=\"widget\" data-widget_type=\"spacer.default\">\n\t\t\t\t<div class=\"elementor-widget-container\">\n\t\t\t\t\t\t\t<div class=\"elementor-spacer\">\n\t\t\t<div class=\"elementor-spacer-inner\"><\/div>\n\t\t<\/div>\n\t\t\t\t\t\t<\/div>\n\t\t\t\t<\/div>\n\t\t\t\t<div class=\"elementor-element elementor-element-10f1074 elementor-widget elementor-widget-heading\" data-id=\"10f1074\" data-element_type=\"widget\" data-widget_type=\"heading.default\">\n\t\t\t\t<div class=\"elementor-widget-container\">\n\t\t\t\t\t<h2 class=\"elementor-heading-title elementor-size-default\">Breno Rodrigo Pacheco de Oliveira\u200b<\/h2>\t\t\t\t<\/div>\n\t\t\t\t<\/div>\n\t\t\t\t<div class=\"elementor-element elementor-element-f3a1ff8 elementor-widget elementor-widget-heading\" data-id=\"f3a1ff8\" data-element_type=\"widget\" data-widget_type=\"heading.default\">\n\t\t\t\t<div class=\"elementor-widget-container\">\n\t\t\t\t\t<h2 class=\"elementor-heading-title elementor-size-default\">Presidente do Conselho Deliberativo da Vis\u00e3o Prev\u200b<\/h2>\t\t\t\t<\/div>\n\t\t\t\t<\/div>\n\t\t\t\t\t<\/div>\n\t\t<\/div>\n\t\t\t\t\t<\/div>\n\t\t<\/section>\n\t\t\t\t<section class=\"elementor-section elementor-top-section elementor-element elementor-element-d31400e elementor-section-full_width elementor-section-height-default elementor-section-height-default elementor-invisible\" data-id=\"d31400e\" data-element_type=\"section\" data-settings=\"{&quot;background_background&quot;:&quot;classic&quot;,&quot;animation&quot;:&quot;fadeInUp&quot;}\">\n\t\t\t\t\t\t<div class=\"elementor-container elementor-column-gap-no\">\n\t\t\t\t\t<div class=\"elementor-column elementor-col-100 elementor-top-column elementor-element elementor-element-7e9c338\" data-id=\"7e9c338\" data-element_type=\"column\">\n\t\t\t<div class=\"elementor-widget-wrap elementor-element-populated\">\n\t\t\t\t\t\t<div class=\"elementor-element elementor-element-b013e58 elementor-widget elementor-widget-text-editor\" data-id=\"b013e58\" data-element_type=\"widget\" data-widget_type=\"text-editor.default\">\n\t\t\t\t<div class=\"elementor-widget-container\">\n\t\t\t\t\t\t\t\t\t<div title=\"Page 2\"><p><span style=\"color: #004651;\">Quer saber mais sobre os 100 anos da Telef\u00f3nica?<\/span><\/p><p><span style=\"color: #004651;\">Ent\u00e3o, clique <a style=\"color: #004651;\" href=\"https:\/\/www.telefonica.com\/en\/centenary\/\" target=\"_blank\" rel=\"noopener\"><strong><u>aqui<\/u><\/strong> <\/a>e acompanhe os principais marcos dessa hist\u00f3ria.\u00a0<\/span><\/p><\/div>\t\t\t\t\t\t\t\t<\/div>\n\t\t\t\t<\/div>\n\t\t\t\t\t<\/div>\n\t\t<\/div>\n\t\t\t\t\t<\/div>\n\t\t<\/section>\n\t\t\t\t<\/div>\n\t\t","protected":false},"excerpt":{"rendered":"<p>Em um ano de transi\u00e7\u00e3o institucional e econ\u00f4mica no Brasil, a Vis\u00e3o Prev apresentou resultados muito positivos em 2023, em raz\u00e3o de uma administra\u00e7\u00e3o eficiente voltada \u00e0 sustentabilidade na gest\u00e3o de seus planos e perfis de investimentos. Em julho, a entidade atingiu a marca hist\u00f3rica de R$ 8 bilh\u00f5es de patrim\u00f4nio, superando os R$ 8,3 [&hellip;]<\/p>\n","protected":false},"author":1,"featured_media":2067,"parent":184,"menu_order":13,"comment_status":"closed","ping_status":"closed","template":"","meta":{"footnotes":""},"class_list":["post-511","page","type-page","status-publish","has-post-thumbnail","hentry"],"acf":[],"_links":{"self":[{"href":"https:\/\/relatorioanual2023.visaoprev.com.br\/index.php?rest_route=\/wp\/v2\/pages\/511","targetHints":{"allow":["GET"]}}],"collection":[{"href":"https:\/\/relatorioanual2023.visaoprev.com.br\/index.php?rest_route=\/wp\/v2\/pages"}],"about":[{"href":"https:\/\/relatorioanual2023.visaoprev.com.br\/index.php?rest_route=\/wp\/v2\/types\/page"}],"author":[{"embeddable":true,"href":"https:\/\/relatorioanual2023.visaoprev.com.br\/index.php?rest_route=\/wp\/v2\/users\/1"}],"replies":[{"embeddable":true,"href":"https:\/\/relatorioanual2023.visaoprev.com.br\/index.php?rest_route=%2Fwp%2Fv2%2Fcomments&post=511"}],"version-history":[{"count":69,"href":"https:\/\/relatorioanual2023.visaoprev.com.br\/index.php?rest_route=\/wp\/v2\/pages\/511\/revisions"}],"predecessor-version":[{"id":2115,"href":"https:\/\/relatorioanual2023.visaoprev.com.br\/index.php?rest_route=\/wp\/v2\/pages\/511\/revisions\/2115"}],"up":[{"embeddable":true,"href":"https:\/\/relatorioanual2023.visaoprev.com.br\/index.php?rest_route=\/wp\/v2\/pages\/184"}],"wp:featuredmedia":[{"embeddable":true,"href":"https:\/\/relatorioanual2023.visaoprev.com.br\/index.php?rest_route=\/wp\/v2\/media\/2067"}],"wp:attachment":[{"href":"https:\/\/relatorioanual2023.visaoprev.com.br\/index.php?rest_route=%2Fwp%2Fv2%2Fmedia&parent=511"}],"curies":[{"name":"wp","href":"https:\/\/api.w.org\/{rel}","templated":true}]}}