{"id":153,"date":"2023-03-06T16:32:57","date_gmt":"2023-03-06T19:32:57","guid":{"rendered":"https:\/\/crtarteecomunicacao.com.br\/relatorioanual\/?page_id=153"},"modified":"2024-03-28T15:22:46","modified_gmt":"2024-03-28T18:22:46","slug":"processos-monitorados","status":"publish","type":"page","link":"https:\/\/relatorioanual2023.visaoprev.com.br\/?page_id=153","title":{"rendered":"Processos monitorados"},"content":{"rendered":"\t\t<div data-elementor-type=\"wp-page\" data-elementor-id=\"153\" class=\"elementor elementor-153\">\n\t\t\t\t\t\t<section class=\"elementor-section elementor-top-section elementor-element elementor-element-10e2b56f elementor-section-boxed elementor-section-height-default elementor-section-height-default\" data-id=\"10e2b56f\" data-element_type=\"section\">\n\t\t\t\t\t\t<div class=\"elementor-container elementor-column-gap-default\">\n\t\t\t\t\t<div class=\"elementor-column elementor-col-100 elementor-top-column elementor-element elementor-element-1c642b34\" data-id=\"1c642b34\" data-element_type=\"column\">\n\t\t\t<div class=\"elementor-widget-wrap elementor-element-populated\">\n\t\t\t\t\t\t<div class=\"elementor-element elementor-element-469925c4 elementor-widget elementor-widget-spacer\" data-id=\"469925c4\" data-element_type=\"widget\" data-widget_type=\"spacer.default\">\n\t\t\t\t<div class=\"elementor-widget-container\">\n\t\t\t\t\t\t\t<div class=\"elementor-spacer\">\n\t\t\t<div class=\"elementor-spacer-inner\"><\/div>\n\t\t<\/div>\n\t\t\t\t\t\t<\/div>\n\t\t\t\t<\/div>\n\t\t\t\t<div class=\"elementor-element elementor-element-7a440e21 elementor-widget elementor-widget-text-editor\" data-id=\"7a440e21\" data-element_type=\"widget\" data-widget_type=\"text-editor.default\">\n\t\t\t\t<div class=\"elementor-widget-container\">\n\t\t\t\t\t\t\t\t\t<div class=\"page\" title=\"Page 16\"><div class=\"layoutArea\"><div class=\"column\"><p>Uma cultura de identifica\u00e7\u00e3o, controle e preven\u00e7\u00e3o de riscos, erros e falhas \u00e9 essencial para que a Vis\u00e3o Prev possa aprimorar suas atividades e processos, com a busca constante de melhorias para reduzir eventuais amea\u00e7as e incorre\u00e7\u00f5es que afetem sua atua\u00e7\u00e3o.<\/p><\/div><\/div><\/div>\t\t\t\t\t\t\t\t<\/div>\n\t\t\t\t<\/div>\n\t\t\t\t\t<\/div>\n\t\t<\/div>\n\t\t\t\t\t<\/div>\n\t\t<\/section>\n\t\t\t\t<section class=\"elementor-section elementor-top-section elementor-element elementor-element-33172b9d elementor-section-boxed elementor-section-height-default elementor-section-height-default\" data-id=\"33172b9d\" data-element_type=\"section\">\n\t\t\t\t\t\t<div class=\"elementor-container elementor-column-gap-default\">\n\t\t\t\t\t<div class=\"elementor-column elementor-col-100 elementor-top-column elementor-element elementor-element-19cddf2c\" data-id=\"19cddf2c\" data-element_type=\"column\">\n\t\t\t<div class=\"elementor-widget-wrap elementor-element-populated\">\n\t\t\t\t\t\t<div class=\"elementor-element elementor-element-d8778aa elementor-widget elementor-widget-spacer\" data-id=\"d8778aa\" data-element_type=\"widget\" data-widget_type=\"spacer.default\">\n\t\t\t\t<div class=\"elementor-widget-container\">\n\t\t\t\t\t\t\t<div class=\"elementor-spacer\">\n\t\t\t<div class=\"elementor-spacer-inner\"><\/div>\n\t\t<\/div>\n\t\t\t\t\t\t<\/div>\n\t\t\t\t<\/div>\n\t\t\t\t<div class=\"elementor-element elementor-element-b645438 elementor-widget elementor-widget-button\" data-id=\"b645438\" data-element_type=\"widget\" data-widget_type=\"button.default\">\n\t\t\t\t<div class=\"elementor-widget-container\">\n\t\t\t\t\t\t\t\t\t<div class=\"elementor-button-wrapper\">\n\t\t\t\t\t<a class=\"elementor-button elementor-size-md\" role=\"button\">\n\t\t\t\t\t\t<span class=\"elementor-button-content-wrapper\">\n\t\t\t\t\t\t<span class=\"elementor-button-icon\">\n\t\t\t\t<svg xmlns=\"http:\/\/www.w3.org\/2000\/svg\" id=\"Camada_1\" data-name=\"Camada 1\" viewBox=\"0 0 500 500\"><defs><style>      .cls-1 {        stroke-width: 0px;      }    <\/style><\/defs><path class=\"cls-1\" d=\"m454.8,61.15v312.99c-2.95,7.17-8.26,9.73-16,9.69-39.91-.24-79.83-.11-119.74-.11-1.53,0-3.07,0-4.6,0v51.16h37.83v25.3h-203.85v-25.5h37.87v-50.95c-1.76,0-3.32,0-4.88,0-40.05,0-80.1-.21-120.14.15-9.61.09-15.47-6.22-15.45-15.35.23-100.32.2-200.63.04-300.95-.01-7.73,2.51-13.05,9.68-16h389.64c4.6,1.79,7.79,4.99,9.58,9.58Zm-382.97,16.14v203.92h357.21V77.29H71.83Zm-.11,280.61h357.2v-50.62H71.73v50.62Zm216.72,76.75v-50.62h-76.16v50.62h76.16Z\"><\/path><path class=\"cls-1\" d=\"m323.15,233.53c-6.31,6.29-12.21,12.18-18.15,18.1-6.02-6.15-12.33-12.59-18.27-18.66-8.18,3.42-15.56,6.51-23.51,9.83v25.71h-25.47v-25.64c-7.98-3.32-15.27-6.35-23.21-9.65-5.85,6.01-12.22,12.55-18.35,18.84-6.31-6.29-12.21-12.18-18.15-18.1,6.18-6.05,12.62-12.35,18.69-18.29-3.42-8.18-6.51-15.56-9.83-23.51h-25.71v-25.47h25.64c3.32-7.98,6.35-15.27,9.59-23.06-5.99-5.95-12.47-12.39-18.7-18.58,6.2-6.22,12.09-12.12,18.01-18.06,6.05,6.18,12.35,12.62,18.29,18.69,8.18-3.42,15.56-6.51,23.51-9.83v-25.71h25.47v25.64c7.98,3.32,15.27,6.35,23.21,9.65,5.85-6.01,12.22-12.55,18.37-18.86,6.29,6.31,12.18,12.21,18,18.06-6.11,6.07-12.5,12.42-18.54,18.42,3.4,8.12,6.48,15.5,9.81,23.45h25.71v25.47h-25.64c-3.32,7.98-6.35,15.27-9.65,23.21,6.01,5.85,12.55,12.22,18.86,18.37Zm-34.48-54.29c-.93-21.58-16.43-37.91-38.16-38.01-21.7-.09-38.28,16.32-38.2,38.16.08,22.36,17.18,38.25,38.36,38.01,22.28-.26,37.21-17.12,38-38.16Z\"><\/path><path class=\"cls-1\" d=\"m262.84,192h-24.9v-25.19h24.9v25.19Z\"><\/path><\/svg>\t\t\t<\/span>\n\t\t\t\t\t\t\t\t\t<span class=\"elementor-button-text\">Auditoria interna<\/span>\n\t\t\t\t\t<\/span>\n\t\t\t\t\t<\/a>\n\t\t\t\t<\/div>\n\t\t\t\t\t\t\t\t<\/div>\n\t\t\t\t<\/div>\n\t\t\t\t<div class=\"elementor-element elementor-element-6d496ab0 elementor-widget elementor-widget-spacer\" data-id=\"6d496ab0\" data-element_type=\"widget\" data-widget_type=\"spacer.default\">\n\t\t\t\t<div class=\"elementor-widget-container\">\n\t\t\t\t\t\t\t<div class=\"elementor-spacer\">\n\t\t\t<div class=\"elementor-spacer-inner\"><\/div>\n\t\t<\/div>\n\t\t\t\t\t\t<\/div>\n\t\t\t\t<\/div>\n\t\t\t\t<div class=\"elementor-element elementor-element-f892edb elementor-widget elementor-widget-text-editor\" data-id=\"f892edb\" data-element_type=\"widget\" data-widget_type=\"text-editor.default\">\n\t\t\t\t<div class=\"elementor-widget-container\">\n\t\t\t\t\t\t\t\t\t<div class=\"page\" title=\"Page 16\"><div class=\"layoutArea\"><div class=\"column\"><p>A \u00e1rea de Auditoria Interna promove o mapeamento de potenciais riscos e falhas, colaborando na implementa\u00e7\u00e3o das melhorias identificadas para maior seguran\u00e7a, integridade dos processos e compliance com as normas internas e externas. Entre as 32 auditorias realizadas em 2023, alguns dos processos verificados foram a Pesquisa de Satisfa\u00e7\u00e3o dos participantes, as concess\u00f5es de empr\u00e9stimos, as atividades da \u00e1rea de Experi\u00eancia do Cliente e a ades\u00e3o \u00e0 Lei Geral de Prote\u00e7\u00e3o de Dados (LGPD). Os resultados obtidos foram documentados e apresentados diretamente aos Conselhos.<\/p><\/div><\/div><\/div>\t\t\t\t\t\t\t\t<\/div>\n\t\t\t\t<\/div>\n\t\t\t\t\t<\/div>\n\t\t<\/div>\n\t\t\t\t\t<\/div>\n\t\t<\/section>\n\t\t\t\t<section class=\"elementor-section elementor-top-section elementor-element elementor-element-d90cdfe elementor-section-boxed elementor-section-height-default elementor-section-height-default\" data-id=\"d90cdfe\" data-element_type=\"section\">\n\t\t\t\t\t\t<div class=\"elementor-container elementor-column-gap-default\">\n\t\t\t\t\t<div class=\"elementor-column elementor-col-100 elementor-top-column elementor-element elementor-element-8b4b134\" data-id=\"8b4b134\" data-element_type=\"column\">\n\t\t\t<div class=\"elementor-widget-wrap elementor-element-populated\">\n\t\t\t\t\t\t<div class=\"elementor-element elementor-element-f274b74 elementor-widget elementor-widget-spacer\" data-id=\"f274b74\" data-element_type=\"widget\" data-widget_type=\"spacer.default\">\n\t\t\t\t<div class=\"elementor-widget-container\">\n\t\t\t\t\t\t\t<div class=\"elementor-spacer\">\n\t\t\t<div class=\"elementor-spacer-inner\"><\/div>\n\t\t<\/div>\n\t\t\t\t\t\t<\/div>\n\t\t\t\t<\/div>\n\t\t\t\t<div class=\"elementor-element elementor-element-c3ba337 elementor-widget elementor-widget-button\" data-id=\"c3ba337\" data-element_type=\"widget\" data-widget_type=\"button.default\">\n\t\t\t\t<div class=\"elementor-widget-container\">\n\t\t\t\t\t\t\t\t\t<div class=\"elementor-button-wrapper\">\n\t\t\t\t\t<a class=\"elementor-button elementor-size-md\" role=\"button\">\n\t\t\t\t\t\t<span class=\"elementor-button-content-wrapper\">\n\t\t\t\t\t\t<span class=\"elementor-button-icon\">\n\t\t\t\t<svg xmlns=\"http:\/\/www.w3.org\/2000\/svg\" id=\"Camada_1\" data-name=\"Camada 1\" viewBox=\"0 0 500 500\"><defs><style>      .cls-1 {        stroke-width: 0px;      }    <\/style><\/defs><path class=\"cls-1\" d=\"m454.8,61.15v312.99c-2.95,7.17-8.26,9.73-16,9.69-39.91-.24-79.83-.11-119.74-.11-1.53,0-3.07,0-4.6,0v51.16h37.83v25.3h-203.85v-25.5h37.87v-50.95c-1.76,0-3.32,0-4.88,0-40.05,0-80.1-.21-120.14.15-9.61.09-15.47-6.22-15.45-15.35.23-100.32.2-200.63.04-300.95-.01-7.73,2.51-13.05,9.68-16h389.64c4.6,1.79,7.79,4.99,9.58,9.58Zm-382.97,16.14v203.92h357.21V77.29H71.83Zm-.11,280.61h357.2v-50.62H71.73v50.62Zm216.72,76.75v-50.62h-76.16v50.62h76.16Z\"><\/path><path class=\"cls-1\" d=\"m323.15,233.53c-6.31,6.29-12.21,12.18-18.15,18.1-6.02-6.15-12.33-12.59-18.27-18.66-8.18,3.42-15.56,6.51-23.51,9.83v25.71h-25.47v-25.64c-7.98-3.32-15.27-6.35-23.21-9.65-5.85,6.01-12.22,12.55-18.35,18.84-6.31-6.29-12.21-12.18-18.15-18.1,6.18-6.05,12.62-12.35,18.69-18.29-3.42-8.18-6.51-15.56-9.83-23.51h-25.71v-25.47h25.64c3.32-7.98,6.35-15.27,9.59-23.06-5.99-5.95-12.47-12.39-18.7-18.58,6.2-6.22,12.09-12.12,18.01-18.06,6.05,6.18,12.35,12.62,18.29,18.69,8.18-3.42,15.56-6.51,23.51-9.83v-25.71h25.47v25.64c7.98,3.32,15.27,6.35,23.21,9.65,5.85-6.01,12.22-12.55,18.37-18.86,6.29,6.31,12.18,12.21,18,18.06-6.11,6.07-12.5,12.42-18.54,18.42,3.4,8.12,6.48,15.5,9.81,23.45h25.71v25.47h-25.64c-3.32,7.98-6.35,15.27-9.65,23.21,6.01,5.85,12.55,12.22,18.86,18.37Zm-34.48-54.29c-.93-21.58-16.43-37.91-38.16-38.01-21.7-.09-38.28,16.32-38.2,38.16.08,22.36,17.18,38.25,38.36,38.01,22.28-.26,37.21-17.12,38-38.16Z\"><\/path><path class=\"cls-1\" d=\"m262.84,192h-24.9v-25.19h24.9v25.19Z\"><\/path><\/svg>\t\t\t<\/span>\n\t\t\t\t\t\t\t\t\t<span class=\"elementor-button-text\">Auditoria externa<\/span>\n\t\t\t\t\t<\/span>\n\t\t\t\t\t<\/a>\n\t\t\t\t<\/div>\n\t\t\t\t\t\t\t\t<\/div>\n\t\t\t\t<\/div>\n\t\t\t\t<div class=\"elementor-element elementor-element-b5785b0 elementor-widget elementor-widget-spacer\" data-id=\"b5785b0\" data-element_type=\"widget\" data-widget_type=\"spacer.default\">\n\t\t\t\t<div class=\"elementor-widget-container\">\n\t\t\t\t\t\t\t<div class=\"elementor-spacer\">\n\t\t\t<div class=\"elementor-spacer-inner\"><\/div>\n\t\t<\/div>\n\t\t\t\t\t\t<\/div>\n\t\t\t\t<\/div>\n\t\t\t\t<div class=\"elementor-element elementor-element-4118786 elementor-widget elementor-widget-text-editor\" data-id=\"4118786\" data-element_type=\"widget\" data-widget_type=\"text-editor.default\">\n\t\t\t\t<div class=\"elementor-widget-container\">\n\t\t\t\t\t\t\t\t\t<div class=\"page\" title=\"Page 16\"><div class=\"layoutArea\"><div class=\"column\"><p>Em conformidade com a Resolu\u00e7\u00e3o n\u00ba 23, publicada em agosto pela Superintend\u00eancia Nacional de Previd\u00eancia Complementar (Previc), a Vis\u00e3o Prev tem contrato com uma empresa de auditoria externa para as Demonstra\u00e7\u00f5es Financeiras que englobam Balan\u00e7o Patrimonial, Demonstra\u00e7\u00e3o da Muta\u00e7\u00e3o do Patrim\u00f4nio Social e Demonstra\u00e7\u00e3o do Plano de Gest\u00e3o Administrativa e para as demonstra\u00e7\u00f5es individuais por plano de benef\u00edcio, abrangendo a Demonstra\u00e7\u00e3o do Ativo L\u00edquido, Demonstra\u00e7\u00e3o da Muta\u00e7\u00e3o do Ativo L\u00edquido, Demonstra\u00e7\u00e3o do Plano de Gest\u00e3o Administrativa e Demonstra\u00e7\u00e3o das Provis\u00f5es T\u00e9cnicas no comparativo do exerc\u00edcio atual e anterior, bem como as correspondentes Notas Explicativas, incluindo o resumo das principais pr\u00e1ticas cont\u00e1beis. Os relat\u00f3rios e pareceres da auditoria externa s\u00e3o elaborados conforme as pr\u00e1ticas cont\u00e1beis adotadas no Brasil, aplic\u00e1veis a entidades reguladas pelo Conselho Nacional de Previd\u00eancia Complementar (CNPC).<\/p><\/div><\/div><\/div>\t\t\t\t\t\t\t\t<\/div>\n\t\t\t\t<\/div>\n\t\t\t\t\t<\/div>\n\t\t<\/div>\n\t\t\t\t\t<\/div>\n\t\t<\/section>\n\t\t\t\t<section class=\"elementor-section elementor-top-section elementor-element elementor-element-9558c51 elementor-section-boxed elementor-section-height-default elementor-section-height-default\" data-id=\"9558c51\" data-element_type=\"section\">\n\t\t\t\t\t\t<div class=\"elementor-container elementor-column-gap-default\">\n\t\t\t\t\t<div class=\"elementor-column elementor-col-100 elementor-top-column elementor-element elementor-element-4bf0ff0\" data-id=\"4bf0ff0\" data-element_type=\"column\">\n\t\t\t<div class=\"elementor-widget-wrap elementor-element-populated\">\n\t\t\t\t\t\t<div class=\"elementor-element elementor-element-5a57330 elementor-widget elementor-widget-spacer\" data-id=\"5a57330\" data-element_type=\"widget\" data-widget_type=\"spacer.default\">\n\t\t\t\t<div class=\"elementor-widget-container\">\n\t\t\t\t\t\t\t<div class=\"elementor-spacer\">\n\t\t\t<div class=\"elementor-spacer-inner\"><\/div>\n\t\t<\/div>\n\t\t\t\t\t\t<\/div>\n\t\t\t\t<\/div>\n\t\t\t\t<div class=\"elementor-element elementor-element-8b6628b elementor-widget elementor-widget-button\" data-id=\"8b6628b\" data-element_type=\"widget\" data-widget_type=\"button.default\">\n\t\t\t\t<div class=\"elementor-widget-container\">\n\t\t\t\t\t\t\t\t\t<div class=\"elementor-button-wrapper\">\n\t\t\t\t\t<a class=\"elementor-button elementor-size-md\" role=\"button\">\n\t\t\t\t\t\t<span class=\"elementor-button-content-wrapper\">\n\t\t\t\t\t\t<span class=\"elementor-button-icon\">\n\t\t\t\t<svg xmlns=\"http:\/\/www.w3.org\/2000\/svg\" id=\"Camada_1\" data-name=\"Camada 1\" viewBox=\"0 0 500 500\"><defs><style>      .cls-1 {        stroke-width: 0px;      }    <\/style><\/defs><path class=\"cls-1\" d=\"m454.8,61.15v312.99c-2.95,7.17-8.26,9.73-16,9.69-39.91-.24-79.83-.11-119.74-.11-1.53,0-3.07,0-4.6,0v51.16h37.83v25.3h-203.85v-25.5h37.87v-50.95c-1.76,0-3.32,0-4.88,0-40.05,0-80.1-.21-120.14.15-9.61.09-15.47-6.22-15.45-15.35.23-100.32.2-200.63.04-300.95-.01-7.73,2.51-13.05,9.68-16h389.64c4.6,1.79,7.79,4.99,9.58,9.58Zm-382.97,16.14v203.92h357.21V77.29H71.83Zm-.11,280.61h357.2v-50.62H71.73v50.62Zm216.72,76.75v-50.62h-76.16v50.62h76.16Z\"><\/path><path class=\"cls-1\" d=\"m323.15,233.53c-6.31,6.29-12.21,12.18-18.15,18.1-6.02-6.15-12.33-12.59-18.27-18.66-8.18,3.42-15.56,6.51-23.51,9.83v25.71h-25.47v-25.64c-7.98-3.32-15.27-6.35-23.21-9.65-5.85,6.01-12.22,12.55-18.35,18.84-6.31-6.29-12.21-12.18-18.15-18.1,6.18-6.05,12.62-12.35,18.69-18.29-3.42-8.18-6.51-15.56-9.83-23.51h-25.71v-25.47h25.64c3.32-7.98,6.35-15.27,9.59-23.06-5.99-5.95-12.47-12.39-18.7-18.58,6.2-6.22,12.09-12.12,18.01-18.06,6.05,6.18,12.35,12.62,18.29,18.69,8.18-3.42,15.56-6.51,23.51-9.83v-25.71h25.47v25.64c7.98,3.32,15.27,6.35,23.21,9.65,5.85-6.01,12.22-12.55,18.37-18.86,6.29,6.31,12.18,12.21,18,18.06-6.11,6.07-12.5,12.42-18.54,18.42,3.4,8.12,6.48,15.5,9.81,23.45h25.71v25.47h-25.64c-3.32,7.98-6.35,15.27-9.65,23.21,6.01,5.85,12.55,12.22,18.86,18.37Zm-34.48-54.29c-.93-21.58-16.43-37.91-38.16-38.01-21.7-.09-38.28,16.32-38.2,38.16.08,22.36,17.18,38.25,38.36,38.01,22.28-.26,37.21-17.12,38-38.16Z\"><\/path><path class=\"cls-1\" d=\"m262.84,192h-24.9v-25.19h24.9v25.19Z\"><\/path><\/svg>\t\t\t<\/span>\n\t\t\t\t\t\t\t\t\t<span class=\"elementor-button-text\">Seguran\u00e7a da informa\u00e7\u00e3o<\/span>\n\t\t\t\t\t<\/span>\n\t\t\t\t\t<\/a>\n\t\t\t\t<\/div>\n\t\t\t\t\t\t\t\t<\/div>\n\t\t\t\t<\/div>\n\t\t\t\t<div class=\"elementor-element elementor-element-0db6182 elementor-widget elementor-widget-spacer\" data-id=\"0db6182\" data-element_type=\"widget\" data-widget_type=\"spacer.default\">\n\t\t\t\t<div class=\"elementor-widget-container\">\n\t\t\t\t\t\t\t<div class=\"elementor-spacer\">\n\t\t\t<div class=\"elementor-spacer-inner\"><\/div>\n\t\t<\/div>\n\t\t\t\t\t\t<\/div>\n\t\t\t\t<\/div>\n\t\t\t\t<div class=\"elementor-element elementor-element-9c0be63 elementor-widget elementor-widget-text-editor\" data-id=\"9c0be63\" data-element_type=\"widget\" data-widget_type=\"text-editor.default\">\n\t\t\t\t<div class=\"elementor-widget-container\">\n\t\t\t\t\t\t\t\t\t<div class=\"page\" title=\"Page 16\"><div class=\"layoutArea\"><div class=\"column\"><p>Para prevenir ataques, invas\u00f5es e a\u00e7\u00f5es maliciosas que ponham em risco a integridade e o sigilo das informa\u00e7\u00f5es, foram efetivadas v\u00e1rias a\u00e7\u00f5es ao longo do ano. Entre elas, est\u00e3o a implementa\u00e7\u00e3o e gerenciamento integrado de dispositivos,\u00a0melhorias na infraestrutura, atualiza\u00e7\u00f5es de sistemas operacionais, restri\u00e7\u00f5es de informa\u00e7\u00f5es para os colaboradores, protocolos avan\u00e7ados e customiz\u00e1veis de seguran\u00e7a de servi\u00e7os em nuvem\u00a0e classifica\u00e7\u00e3o sistem\u00e1tica de confidencialidade de arquivos.<\/p><p>Em setembro, todos os servidores foram migrados do data center para a nuvem, ampliando a seguran\u00e7a, escalabilidade, atualiza\u00e7\u00e3o tecnol\u00f3gica e a redu\u00e7\u00e3o de custos de TI. Houve tamb\u00e9m avan\u00e7os no rastreamento, monitoramento e bloqueio de informa\u00e7\u00f5es, n\u00e3o apenas na Vis\u00e3o Prev como tamb\u00e9m \u00e0 dist\u00e2ncia, devido ao trabalho remoto, o que garante maior prote\u00e7\u00e3o para os dados usados e armazenados pela entidade.<\/p><\/div><\/div><\/div>\t\t\t\t\t\t\t\t<\/div>\n\t\t\t\t<\/div>\n\t\t\t\t\t<\/div>\n\t\t<\/div>\n\t\t\t\t\t<\/div>\n\t\t<\/section>\n\t\t\t\t<\/div>\n\t\t","protected":false},"excerpt":{"rendered":"<p>Uma cultura de identifica\u00e7\u00e3o, controle e preven\u00e7\u00e3o de riscos, erros e falhas \u00e9 essencial para que a Vis\u00e3o Prev possa aprimorar suas atividades e processos, com a busca constante de melhorias para reduzir eventuais amea\u00e7as e incorre\u00e7\u00f5es que afetem sua atua\u00e7\u00e3o. Auditoria interna A \u00e1rea de Auditoria Interna promove o mapeamento de potenciais riscos e [&hellip;]<\/p>\n","protected":false},"author":1,"featured_media":1738,"parent":61,"menu_order":7,"comment_status":"closed","ping_status":"closed","template":"","meta":{"footnotes":""},"class_list":["post-153","page","type-page","status-publish","has-post-thumbnail","hentry"],"acf":[],"_links":{"self":[{"href":"https:\/\/relatorioanual2023.visaoprev.com.br\/index.php?rest_route=\/wp\/v2\/pages\/153","targetHints":{"allow":["GET"]}}],"collection":[{"href":"https:\/\/relatorioanual2023.visaoprev.com.br\/index.php?rest_route=\/wp\/v2\/pages"}],"about":[{"href":"https:\/\/relatorioanual2023.visaoprev.com.br\/index.php?rest_route=\/wp\/v2\/types\/page"}],"author":[{"embeddable":true,"href":"https:\/\/relatorioanual2023.visaoprev.com.br\/index.php?rest_route=\/wp\/v2\/users\/1"}],"replies":[{"embeddable":true,"href":"https:\/\/relatorioanual2023.visaoprev.com.br\/index.php?rest_route=%2Fwp%2Fv2%2Fcomments&post=153"}],"version-history":[{"count":26,"href":"https:\/\/relatorioanual2023.visaoprev.com.br\/index.php?rest_route=\/wp\/v2\/pages\/153\/revisions"}],"predecessor-version":[{"id":1998,"href":"https:\/\/relatorioanual2023.visaoprev.com.br\/index.php?rest_route=\/wp\/v2\/pages\/153\/revisions\/1998"}],"up":[{"embeddable":true,"href":"https:\/\/relatorioanual2023.visaoprev.com.br\/index.php?rest_route=\/wp\/v2\/pages\/61"}],"wp:featuredmedia":[{"embeddable":true,"href":"https:\/\/relatorioanual2023.visaoprev.com.br\/index.php?rest_route=\/wp\/v2\/media\/1738"}],"wp:attachment":[{"href":"https:\/\/relatorioanual2023.visaoprev.com.br\/index.php?rest_route=%2Fwp%2Fv2%2Fmedia&parent=153"}],"curies":[{"name":"wp","href":"https:\/\/api.w.org\/{rel}","templated":true}]}}